{"id":3127,"date":"2026-03-03T09:04:01","date_gmt":"2026-03-03T08:04:01","guid":{"rendered":"https:\/\/ibsh.hu\/?page_id=3127"},"modified":"2026-03-03T09:04:49","modified_gmt":"2026-03-03T08:04:49","slug":"contact-2","status":"publish","type":"page","link":"https:\/\/ibsh.hu\/en\/contact-2\/","title":{"rendered":"Contact"},"content":{"rendered":"<div class=\"gb-container gb-container-9c977082\" id=\"hero\">\n<div class=\"gb-container gb-container-a15e61d9\">\n<h1 class=\"gb-headline gb-headline-630cf83c gb-headline-text\">El\u00e9rhet\u0151s\u00e9geink<\/h1>\n\n<div class=\"gb-headline gb-headline-115b2264 gb-headline-text custom-hr\"><\/div>\n<\/div>\n<\/div><div class=\"gb-container gb-container-1d91c114\">\n<div class=\"gb-container gb-container-e63700ed\">\n<div class=\"gb-grid-wrapper gb-grid-wrapper-2b4b90e0\">\n<div class=\"gb-grid-column gb-grid-column-aed16f4f\"><div class=\"gb-container gb-container-aed16f4f\">\n<div class=\"gb-container gb-container-02f56047\">\n<div class=\"gb-container gb-container-27046982\">\n<figure class=\"gb-block-image gb-block-image-3fa045a8\"><img loading=\"lazy\" decoding=\"async\" width=\"345\" height=\"400\" class=\"gb-image gb-image-3fa045a8\" src=\"https:\/\/ibsh.hu\/wp-content\/uploads\/2024\/01\/olah-kantor-adrienn.jpg\" alt=\"\" title=\"olah-kantor-adrienn\" srcset=\"https:\/\/ibsh.hu\/wp-content\/uploads\/2024\/01\/olah-kantor-adrienn.jpg 345w, https:\/\/ibsh.hu\/wp-content\/uploads\/2024\/01\/olah-kantor-adrienn-259x300.jpg 259w, https:\/\/ibsh.hu\/wp-content\/uploads\/2024\/01\/olah-kantor-adrienn-10x12.jpg 10w\" sizes=\"auto, (max-width: 345px) 100vw, 345px\" \/><\/figure>\n\n<div class=\"gb-container gb-container-4161de9d\">\n<p class=\"gb-headline gb-headline-ce05ed2c gb-headline-text\">Ol\u00e1h-K\u00e1ntor Adrienn<\/p>\n\n<p class=\"gb-headline gb-headline-5e0fe6e3 gb-headline-text\">Partner, \u00fcgyvezet\u0151<\/p>\n\n<div class=\"gb-container gb-container-b8c5bb90 alignwide\">\n<div class=\"gb-headline gb-headline-2c1192ed gb-headline-text custom-hr\"><\/div>\n<\/div>\n\n<p class=\"gb-headline gb-headline-3d281b98\"><span class=\"gb-icon\"><svg aria-hidden=\"true\" role=\"img\" height=\"1em\" width=\"1em\" viewBox=\"0 0 512 512\" xmlns=\"http:\/\/www.w3.org\/2000\/svg\"><path fill=\"currentColor\" d=\"M493.4 24.6l-104-24c-11.3-2.6-22.9 3.3-27.5 13.9l-48 112c-4.2 9.8-1.4 21.3 6.9 28l60.6 49.6c-36 76.7-98.9 140.5-177.2 177.2l-49.6-60.6c-6.8-8.3-18.2-11.1-28-6.9l-112 48C3.9 366.5-2 378.1.6 389.4l24 104C27.1 504.2 36.7 512 48 512c256.1 0 464-207.5 464-464 0-11.2-7.7-20.9-18.6-23.4z\"><\/path><\/svg><\/span><span class=\"gb-headline-text\"><a href=\"tel:0630 514 0646\">06\/30 514 0646<\/a><\/span><\/p>\n\n<p class=\"gb-headline gb-headline-b7c6f784\"><span class=\"gb-icon\"><svg aria-hidden=\"true\" role=\"img\" height=\"1em\" width=\"1em\" viewBox=\"0 0 512 512\" xmlns=\"http:\/\/www.w3.org\/2000\/svg\"><path fill=\"currentColor\" d=\"M464 64H48C21.49 64 0 85.49 0 112v288c0 26.51 21.49 48 48 48h416c26.51 0 48-21.49 48-48V112c0-26.51-21.49-48-48-48zm0 48v40.805c-22.422 18.259-58.168 46.651-134.587 106.49-16.841 13.247-50.201 45.072-73.413 44.701-23.208.375-56.579-31.459-73.413-44.701C106.18 199.465 70.425 171.067 48 152.805V112h416zM48 400V214.398c22.914 18.251 55.409 43.862 104.938 82.646 21.857 17.205 60.134 55.186 103.062 54.955 42.717.231 80.509-37.199 103.053-54.947 49.528-38.783 82.032-64.401 104.947-82.653V400H48z\"><\/path><\/svg><\/span><span class=\"gb-headline-text\"><a href=\"mailto:adrienn.kantor@ibsh.hu\">adrienn.kantor@ibsh.hu<\/a><\/span><\/p>\n<\/div>\n<\/div>\n<\/div>\n\n<div class=\"gb-container gb-container-87c56a56\">\n<div class=\"gb-container gb-container-981d6af1\">\n<figure class=\"gb-block-image gb-block-image-dbc8adcb\"><img loading=\"lazy\" decoding=\"async\" width=\"345\" height=\"400\" class=\"gb-image gb-image-dbc8adcb\" src=\"https:\/\/ibsh.hu\/wp-content\/uploads\/2024\/01\/dr-toth-zsombor.jpg\" alt=\"\" title=\"dr-toth-zsombor\" srcset=\"https:\/\/ibsh.hu\/wp-content\/uploads\/2024\/01\/dr-toth-zsombor.jpg 345w, https:\/\/ibsh.hu\/wp-content\/uploads\/2024\/01\/dr-toth-zsombor-259x300.jpg 259w, https:\/\/ibsh.hu\/wp-content\/uploads\/2024\/01\/dr-toth-zsombor-10x12.jpg 10w\" sizes=\"auto, (max-width: 345px) 100vw, 345px\" \/><\/figure>\n\n<div class=\"gb-container gb-container-fcad8e98\">\n<p class=\"gb-headline gb-headline-f0c6c221 gb-headline-text\">Dr. T\u00f3th Zsombor<\/p>\n\n<p class=\"gb-headline gb-headline-5899f027 gb-headline-text\">Partner, \u00fcgyvezet\u0151<\/p>\n\n<div class=\"gb-container gb-container-f0108ec4 alignwide\">\n<div class=\"gb-headline gb-headline-91d1b157 gb-headline-text custom-hr\"><\/div>\n<\/div>\n\n<p class=\"gb-headline gb-headline-dceab898\"><span class=\"gb-icon\"><svg aria-hidden=\"true\" role=\"img\" height=\"1em\" width=\"1em\" viewBox=\"0 0 512 512\" xmlns=\"http:\/\/www.w3.org\/2000\/svg\"><path fill=\"currentColor\" d=\"M493.4 24.6l-104-24c-11.3-2.6-22.9 3.3-27.5 13.9l-48 112c-4.2 9.8-1.4 21.3 6.9 28l60.6 49.6c-36 76.7-98.9 140.5-177.2 177.2l-49.6-60.6c-6.8-8.3-18.2-11.1-28-6.9l-112 48C3.9 366.5-2 378.1.6 389.4l24 104C27.1 504.2 36.7 512 48 512c256.1 0 464-207.5 464-464 0-11.2-7.7-20.9-18.6-23.4z\"><\/path><\/svg><\/span><span class=\"gb-headline-text\"><a href=\"tel:3630 514 0660\">36\/30 514 0660<\/a><\/span><\/p>\n\n<p class=\"gb-headline gb-headline-b1d097ea\"><span class=\"gb-icon\"><svg aria-hidden=\"true\" role=\"img\" height=\"1em\" width=\"1em\" viewBox=\"0 0 512 512\" xmlns=\"http:\/\/www.w3.org\/2000\/svg\"><path fill=\"currentColor\" d=\"M464 64H48C21.49 64 0 85.49 0 112v288c0 26.51 21.49 48 48 48h416c26.51 0 48-21.49 48-48V112c0-26.51-21.49-48-48-48zm0 48v40.805c-22.422 18.259-58.168 46.651-134.587 106.49-16.841 13.247-50.201 45.072-73.413 44.701-23.208.375-56.579-31.459-73.413-44.701C106.18 199.465 70.425 171.067 48 152.805V112h416zM48 400V214.398c22.914 18.251 55.409 43.862 104.938 82.646 21.857 17.205 60.134 55.186 103.062 54.955 42.717.231 80.509-37.199 103.053-54.947 49.528-38.783 82.032-64.401 104.947-82.653V400H48z\"><\/path><\/svg><\/span><span class=\"gb-headline-text\"><a href=\"mailto:adrienn.kantor@ibsh.hu\">zsombor.toth@ibsh.hu<\/a><\/span><\/p>\n<\/div>\n<\/div>\n<\/div>\n<\/div><\/div>\n\n<div class=\"gb-grid-column gb-grid-column-db3946e1\"><div class=\"gb-container gb-container-db3946e1\">\n<h2 class=\"gb-headline gb-headline-522a7af5 gb-headline-text\">Kapcsolati adatok<\/h2>\n\n<div class=\"gb-container gb-container-694c4701\">\n<p class=\"gb-headline gb-headline-0bfbc94d gb-headline-text\"><strong>C\u00e9gn\u00e9v:<\/strong><\/p>\n\n<p class=\"gb-headline gb-headline-cd739ee2 gb-headline-text\">Investment and Business Services Hungary Kft.<\/p>\n<\/div>\n\n<div class=\"gb-container gb-container-9fe17c8f\">\n<p class=\"gb-headline gb-headline-b092a355 gb-headline-text\"><strong>\u00dcgyvezet\u0151k:<\/strong><\/p>\n\n<p class=\"gb-headline gb-headline-5d9ea51b gb-headline-text\">Ol\u00e1h-K\u00e1ntor Adrienn, dr. T\u00f3th Zsombor<\/p>\n<\/div>\n\n<div class=\"gb-container gb-container-75e664ef\">\n<p class=\"gb-headline gb-headline-604e4037 gb-headline-text\"><strong>E-mail:<\/strong><\/p>\n\n<p class=\"gb-headline gb-headline-473b1336 gb-headline-text\"><a href=\"mailto:info@ibsh.hu\">info@ibsh.hu<\/a><\/p>\n<\/div>\n\n<div class=\"gb-container gb-container-a9cc49a4\">\n<p class=\"gb-headline gb-headline-fcadd5f5 gb-headline-text\"><strong>Telefon:<\/strong><\/p>\n\n<p class=\"gb-headline gb-headline-27dfc20f gb-headline-text\"><a href=\"tel:+36 30 514 0646\">+36 30 514 0646<\/a>, <a href=\"tel:+ 36 30 514 0660\">+ 36 30 514 0660<\/a><\/p>\n<\/div>\n\n<div class=\"gb-container gb-container-4dd59675\">\n<p class=\"gb-headline gb-headline-1063878f gb-headline-text\"><strong>Posta c\u00edm:<\/strong><\/p>\n\n<p class=\"gb-headline gb-headline-101d8f6b gb-headline-text\">1139 Budapest, Forg\u00e1ch utca 11.<\/p>\n<\/div>\n\n<h4 class=\"gb-headline gb-headline-ea79d49b gb-headline-text\">K\u00f6vessen minket!<\/h4>\n\n<figure class=\"gb-block-image gb-block-image-e72ec14e\"><a href=\"https:\/\/www.linkedin.com\/company\/investment-business-services-hungary\" target=\"_blank\" rel=\"noopener noreferrer\"><img loading=\"lazy\" decoding=\"async\" width=\"44\" height=\"44\" class=\"gb-image gb-image-e72ec14e\" src=\"https:\/\/ibsh.hu\/wp-content\/uploads\/2024\/02\/linkedin.svg\" alt=\"\" title=\"linkedin\"\/><\/a><\/figure>\n\n<figure class=\"gb-block-image gb-block-image-892721ba\"><img loading=\"lazy\" decoding=\"async\" width=\"470\" height=\"249\" class=\"gb-image gb-image-892721ba\" src=\"https:\/\/ibsh.hu\/wp-content\/uploads\/2024\/02\/contact-grey-bg.svg\" alt=\"\" title=\"contact-grey-bg\"\/><\/figure>\n<\/div><\/div>\n<\/div>\n<\/div>\n<\/div><div class=\"gb-container gb-container-2769f5e5\" id=\"kapcsolat\">\n<div class=\"gb-container gb-container-a48069ba\">\n<div class=\"gb-grid-wrapper gb-grid-wrapper-e514b358\">\n<div class=\"gb-grid-column gb-grid-column-c8ded54e\"><div class=\"gb-container gb-container-c8ded54e\">\n<h2 class=\"gb-headline gb-headline-5c00694a gb-headline-text\">tal\u00e1ljuk meg k\u00f6z\u00f6sen a c\u00e9g\u00e9nek a legjobb megold\u00e1st<\/h2>\n\n<div class=\"gb-headline gb-headline-cf91241a gb-headline-text custom-hr\"><\/div>\n\n<p class=\"gb-headline gb-headline-ce16deb9 gb-headline-text\">K\u00e9szen \u00e1ll, hogy kihaszn\u00e1lja az \u00e1llami t\u00e1mogat\u00e1sok \u00e9s p\u00e1ly\u00e1zatok ny\u00fajtotta lehet\u0151s\u00e9geket? T\u00f6ltse ki \u0171rlapunkat, \u00e9s l\u00e9pjen kapcsolatba szak\u00e9rt\u0151inkkel a r\u00e9szletek\u00e9rt!<\/p>\n\n<script>\nvar gform;gform||(document.addEventListener(\"gform_main_scripts_loaded\",function(){gform.scriptsLoaded=!0}),document.addEventListener(\"gform\/theme\/scripts_loaded\",function(){gform.themeScriptsLoaded=!0}),window.addEventListener(\"DOMContentLoaded\",function(){gform.domLoaded=!0}),gform={domLoaded:!1,scriptsLoaded:!1,themeScriptsLoaded:!1,isFormEditor:()=>\"function\"==typeof InitializeEditor,callIfLoaded:function(o){return!(!gform.domLoaded||!gform.scriptsLoaded||!gform.themeScriptsLoaded&&!gform.isFormEditor()||(gform.isFormEditor()&&console.warn(\"The use of gform.initializeOnLoaded() is deprecated in the form editor context and will be removed in Gravity Forms 3.1.\"),o(),0))},initializeOnLoaded:function(o){gform.callIfLoaded(o)||(document.addEventListener(\"gform_main_scripts_loaded\",()=>{gform.scriptsLoaded=!0,gform.callIfLoaded(o)}),document.addEventListener(\"gform\/theme\/scripts_loaded\",()=>{gform.themeScriptsLoaded=!0,gform.callIfLoaded(o)}),window.addEventListener(\"DOMContentLoaded\",()=>{gform.domLoaded=!0,gform.callIfLoaded(o)}))},hooks:{action:{},filter:{}},addAction:function(o,r,e,t){gform.addHook(\"action\",o,r,e,t)},addFilter:function(o,r,e,t){gform.addHook(\"filter\",o,r,e,t)},doAction:function(o){gform.doHook(\"action\",o,arguments)},applyFilters:function(o){return gform.doHook(\"filter\",o,arguments)},removeAction:function(o,r){gform.removeHook(\"action\",o,r)},removeFilter:function(o,r,e){gform.removeHook(\"filter\",o,r,e)},addHook:function(o,r,e,t,n){null==gform.hooks[o][r]&&(gform.hooks[o][r]=[]);var d=gform.hooks[o][r];null==n&&(n=r+\"_\"+d.length),gform.hooks[o][r].push({tag:n,callable:e,priority:t=null==t?10:t})},doHook:function(r,o,e){var t;if(e=Array.prototype.slice.call(e,1),null!=gform.hooks[r][o]&&((o=gform.hooks[r][o]).sort(function(o,r){return o.priority-r.priority}),o.forEach(function(o){\"function\"!=typeof(t=o.callable)&&(t=window[t]),\"action\"==r?t.apply(null,e):e[0]=t.apply(null,e)})),\"filter\"==r)return e[0]},removeHook:function(o,r,t,n){var e;null!=gform.hooks[o][r]&&(e=(e=gform.hooks[o][r]).filter(function(o,r,e){return!!(null!=n&&n!=o.tag||null!=t&&t!=o.priority)}),gform.hooks[o][r]=e)}});\n<\/script>\n\n                <div class='gf_browser_gecko gform_wrapper gravity-theme gform-theme--no-framework' data-form-theme='gravity-theme' data-form-index='0' id='gform_wrapper_1' ><div id='gf_1' class='gform_anchor' tabindex='-1'><\/div>\n                        <div class='gform_heading'>\n\t\t\t\t\t\t\t<p class='gform_required_legend'>&quot;<span class=\"gfield_required gfield_required_asterisk\">*<\/span>&quot; indicates required fields<\/p>\n                        <\/div><form method='post' enctype='multipart\/form-data' target='gform_ajax_frame_1' id='gform_1'  action='\/en\/wp-json\/wp\/v2\/pages\/3127#gf_1' data-formid='1' novalidate>\n                        <div class='gform-body gform_body'><div id='gform_fields_1' class='gform_fields top_label form_sublabel_below description_below validation_below'><div id=\"field_1_1\" class=\"gfield gfield--type-text gfield--input-type-text gfield_contains_required field_sublabel_below gfield--no-description field_description_below field_validation_below gfield_visibility_visible\"  ><label class='gfield_label gform-field-label' for='input_1_1'>N\u00e9v<span class=\"gfield_required\"><span class=\"gfield_required gfield_required_asterisk\">*<\/span><\/span><\/label><div class='ginput_container ginput_container_text'><input name='input_1' id='input_1_1' type='text' value='' class='large'    placeholder='Az \u00d6n neve' aria-required=\"true\" aria-invalid=\"false\"   \/><\/div><\/div><div id=\"field_1_4\" class=\"gfield gfield--type-email gfield--input-type-email gfield--width-seven-twelfths gfield_contains_required field_sublabel_below gfield--no-description field_description_below field_validation_below gfield_visibility_visible\"  ><label class='gfield_label gform-field-label' for='input_1_4'>E-mail c\u00edm<span class=\"gfield_required\"><span class=\"gfield_required gfield_required_asterisk\">*<\/span><\/span><\/label><div class='ginput_container ginput_container_email'>\n                            <input name='input_4' id='input_1_4' type='email' value='' class='large'   placeholder='Az \u00d6n e-mail c\u00edme' aria-required=\"true\" aria-invalid=\"false\"  \/>\n                        <\/div><\/div><div id=\"field_1_8\" class=\"gfield gfield--type-phone gfield--input-type-phone gfield--width-five-twelfths gfield_contains_required field_sublabel_below gfield--no-description field_description_below field_validation_below gfield_visibility_visible\"  ><label class='gfield_label gform-field-label' for='input_1_8'>Telefonsz\u00e1m<span class=\"gfield_required\"><span class=\"gfield_required gfield_required_asterisk\">*<\/span><\/span><\/label><div class='ginput_container ginput_container_phone'><input name='input_8' id='input_1_8' type='tel' value='' class='large'  placeholder='Az \u00d6n telefonsz\u00e1ma' aria-required=\"true\" aria-invalid=\"false\"   \/><\/div><\/div><div id=\"field_1_5\" class=\"gfield gfield--type-textarea gfield--input-type-textarea gfield--width-full gfield_contains_required field_sublabel_below gfield--no-description field_description_below field_validation_below gfield_visibility_visible\"  ><label class='gfield_label gform-field-label' for='input_1_5'>\u00dczenet<span class=\"gfield_required\"><span class=\"gfield_required gfield_required_asterisk\">*<\/span><\/span><\/label><div class='ginput_container ginput_container_textarea'><textarea name='input_5' id='input_1_5' class='textarea small'    placeholder='K\u00e9rj\u00fck, ide \u00edrja \u00fczenet\u00e9t' aria-required=\"true\" aria-invalid=\"false\"   rows='10' cols='50'><\/textarea><\/div><\/div><div id=\"field_1_7\" class=\"gfield gfield--type-hidden gfield--input-type-hidden gfield--width-full gform_hidden field_sublabel_below gfield--no-description field_description_below field_validation_below gfield_visibility_visible\"  ><div class='ginput_container ginput_container_text'><input name='input_7' id='input_1_7' type='hidden' class='gform_hidden'  aria-invalid=\"false\" value='' \/><\/div><\/div><fieldset id=\"field_1_6\" class=\"gfield gfield--type-consent gfield--type-choice gfield--input-type-consent gfield--width-full gfield_contains_required field_sublabel_below gfield--no-description field_description_below hidden_label field_validation_below gfield_visibility_visible\"  ><legend class='gfield_label gform-field-label gfield_label_before_complex' >Adatv\u00e9delem<span class=\"gfield_required\"><span class=\"gfield_required gfield_required_asterisk\">*<\/span><\/span><\/legend><div class='ginput_container ginput_container_consent'><input name='input_6.1' id='input_1_6_1' type='checkbox' value='1'   aria-required=\"true\" aria-invalid=\"false\"   \/> <label class=\"gform-field-label gform-field-label--type-inline gfield_consent_label\" for='input_1_6_1' >Elfogadom az <a href=\"https:\/\/ibsh.hu\/adatkezelesi-tajekoztato\/\" target=\"_blank\">adatv\u00e9delmi szab\u00e1lyzatot.<\/a><span class=\"gfield_required gfield_required_asterisk\">*<\/span><\/label><input type='hidden' name='input_6.2' value='Elfogadom az &lt;a href=&quot;https:\/\/ibsh.hu\/adatkezelesi-tajekoztato\/&quot; target=&quot;_blank&quot;&gt;adatv\u00e9delmi szab\u00e1lyzatot.&lt;\/a&gt;' class='gform_hidden' \/><input type='hidden' name='input_6.3' value='1' class='gform_hidden' \/><\/div><\/fieldset><\/div><\/div>\n        <div class='gform-footer gform_footer top_label'> <input type='submit' id='gform_submit_button_1' class='gform_button button' onclick='gform.submission.handleButtonClick(this);' data-submission-type='submit' value='\u00dczenet k\u00fcld\u00e9se'  \/> <input type='hidden' name='gform_ajax' value='form_id=1&amp;title=&amp;description=&amp;tabindex=0&amp;theme=gravity-theme&amp;styles={&quot;inputPrimaryColor&quot;:&quot;#204ce5&quot;}&amp;hash=993eb255808b4cc4e75d6cc1f80f702b' \/>\n            <input type='hidden' class='gform_hidden' name='gform_submission_method' data-js='gform_submission_method_1' value='iframe' \/>\n            <input type='hidden' class='gform_hidden' name='gform_theme' data-js='gform_theme_1' id='gform_theme_1' value='gravity-theme' \/>\n            <input type='hidden' class='gform_hidden' name='gform_style_settings' data-js='gform_style_settings_1' id='gform_style_settings_1' value='{&quot;inputPrimaryColor&quot;:&quot;#204ce5&quot;}' \/>\n            <input type='hidden' class='gform_hidden' name='is_submit_1' value='1' \/>\n            <input type='hidden' class='gform_hidden' name='gform_submit' value='1' \/>\n            \n            <input type='hidden' class='gform_hidden' name='gform_currency' data-currency='HUF' value='T4rMHntSrEfkVemFNj3rj36rIOr178Rc8M78EQct9mHHXDWCwdcFVqYwCa68beh9A57CS0SekiavzF2JhfmOlkfQeBlLQP\/loo7SIbip2nDKjLU=' \/>\n            <input type='hidden' class='gform_hidden' name='gform_unique_id' value='' \/>\n            <input type='hidden' class='gform_hidden' name='state_1' value='WyJ7XCI2LjFcIjpcIjhiNzdkYjczZDYzMTY2ODk0MDlkODViOGY5M2VlMjgxXCIsXCI2LjJcIjpcIjYxNTZjYTRjZDJkYzE5YTk0ZDM0MTI0MjY5NzIwZDYyXCIsXCI2LjNcIjpcIjhiNzdkYjczZDYzMTY2ODk0MDlkODViOGY5M2VlMjgxXCJ9IiwiYzU1ZDQ3MmY5M2Q2NWJlYTFjNjQxZDFlYzc0YTYwZDciXQ==' \/>\n            <input type='hidden' autocomplete='off' class='gform_hidden' name='gform_target_page_number_1' id='gform_target_page_number_1' value='0' \/>\n            <input type='hidden' autocomplete='off' class='gform_hidden' name='gform_source_page_number_1' id='gform_source_page_number_1' value='1' \/>\n            <input type='hidden' name='gform_field_values' value='' \/>\n            \n        <\/div>\n                        <\/form>\n                        <\/div>\n\t\t                <iframe style='display:none;width:0px;height:0px;' src='about:blank' name='gform_ajax_frame_1' id='gform_ajax_frame_1' title='This iframe contains the logic required to handle Ajax powered Gravity Forms.'><\/iframe>\n\t\t                <script>\ngform.initializeOnLoaded( function() {gformInitSpinner( 1, 'https:\/\/ibsh.hu\/wp-content\/plugins\/gravityforms\/images\/spinner.svg', true );jQuery('#gform_ajax_frame_1').on('load',function(){var contents = jQuery(this).contents().find('*').html();var is_postback = contents.indexOf('GF_AJAX_POSTBACK') >= 0;if(!is_postback){return;}var form_content = jQuery(this).contents().find('#gform_wrapper_1');var is_confirmation = jQuery(this).contents().find('#gform_confirmation_wrapper_1').length > 0;var is_redirect = contents.indexOf('gformRedirect(){') >= 0;var is_form = form_content.length > 0 && ! is_redirect && ! is_confirmation;var mt = parseInt(jQuery('html').css('margin-top'), 10) + parseInt(jQuery('body').css('margin-top'), 10) + 100;if(is_form){jQuery('#gform_wrapper_1').html(form_content.html());if(form_content.hasClass('gform_validation_error')){jQuery('#gform_wrapper_1').addClass('gform_validation_error');} else {jQuery('#gform_wrapper_1').removeClass('gform_validation_error');}setTimeout( function() { \/* delay the scroll by 50 milliseconds to fix a bug in chrome *\/ jQuery(document).scrollTop(jQuery('#gform_wrapper_1').offset().top - mt); }, 50 );if(window['gformInitDatepicker']) {gformInitDatepicker();}if(window['gformInitPriceFields']) {gformInitPriceFields();}var current_page = jQuery('#gform_source_page_number_1').val();gformInitSpinner( 1, 'https:\/\/ibsh.hu\/wp-content\/plugins\/gravityforms\/images\/spinner.svg', true );jQuery(document).trigger('gform_page_loaded', [1, current_page]);window['gf_submitting_1'] = false;}else if(!is_redirect){var confirmation_content = jQuery(this).contents().find('.GF_AJAX_POSTBACK').html();if(!confirmation_content){confirmation_content = contents;}jQuery('#gform_wrapper_1').replaceWith(confirmation_content);jQuery(document).scrollTop(jQuery('#gf_1').offset().top - mt);jQuery(document).trigger('gform_confirmation_loaded', [1]);window['gf_submitting_1'] = false;wp.a11y.speak(jQuery('#gform_confirmation_message_1').text());}else{jQuery('#gform_1').append(contents);if(window['gformRedirect']) {gformRedirect();}}jQuery(document).trigger(\"gform_pre_post_render\", [{ formId: \"1\", currentPage: \"current_page\", abort: function() { this.preventDefault(); } }]);        if (event && event.defaultPrevented) {                return;        }        const gformWrapperDiv = document.getElementById( \"gform_wrapper_1\" );        if ( gformWrapperDiv ) {            const visibilitySpan = document.createElement( \"span\" );            visibilitySpan.id = \"gform_visibility_test_1\";            gformWrapperDiv.insertAdjacentElement( \"afterend\", visibilitySpan );        }        const visibilityTestDiv = document.getElementById( \"gform_visibility_test_1\" );        let postRenderFired = false;        function triggerPostRender() {            if ( postRenderFired ) {                return;            }            postRenderFired = true;            gform.core.triggerPostRenderEvents( 1, current_page );            if ( visibilityTestDiv ) {                visibilityTestDiv.parentNode.removeChild( visibilityTestDiv );            }        }        function debounce( func, wait, immediate ) {            var timeout;            return function() {                var context = this, args = arguments;                var later = function() {                    timeout = null;                    if ( !immediate ) func.apply( context, args );                };                var callNow = immediate && !timeout;                clearTimeout( timeout );                timeout = setTimeout( later, wait );                if ( callNow ) func.apply( context, args );            };        }        const debouncedTriggerPostRender = debounce( function() {            triggerPostRender();        }, 200 );        if ( visibilityTestDiv && visibilityTestDiv.offsetParent === null ) {            const observer = new MutationObserver( ( mutations ) => {                mutations.forEach( ( mutation ) => {                    if ( mutation.type === 'attributes' && visibilityTestDiv.offsetParent !== null ) {                        debouncedTriggerPostRender();                        observer.disconnect();                    }                });            });            observer.observe( document.body, {                attributes: true,                childList: false,                subtree: true,                attributeFilter: [ 'style', 'class' ],            });        } else {            triggerPostRender();        }    } );} );\n<\/script>\n<\/div><\/div>\n\n<div class=\"gb-grid-column gb-grid-column-17414f42\"><div class=\"gb-container gb-container-17414f42\">\n<figure class=\"gb-block-image gb-block-image-fa32f172\"><img loading=\"lazy\" decoding=\"async\" width=\"130\" height=\"216\" class=\"gb-image gb-image-fa32f172\" src=\"https:\/\/ibsh.hu\/wp-content\/uploads\/2024\/01\/yellow-dot-mesh-vertical.svg\" alt=\"\" title=\"yellow-dot-mesh-vertical\"\/><\/figure>\n\n<figure class=\"gb-block-image gb-block-image-3bf66210\"><img loading=\"lazy\" decoding=\"async\" width=\"735\" height=\"567\" class=\"gb-image gb-image-3bf66210\" src=\"https:\/\/ibsh.hu\/wp-content\/uploads\/2024\/01\/contact-img-2.png\" alt=\"\" title=\"contact-img-2\" srcset=\"https:\/\/ibsh.hu\/wp-content\/uploads\/2024\/01\/contact-img-2.png 735w, https:\/\/ibsh.hu\/wp-content\/uploads\/2024\/01\/contact-img-2-300x231.png 300w, https:\/\/ibsh.hu\/wp-content\/uploads\/2024\/01\/contact-img-2-16x12.png 16w\" sizes=\"auto, (max-width: 735px) 100vw, 735px\" \/><\/figure>\n<\/div><\/div>\n<\/div>\n<\/div>\n<\/div>","protected":false},"excerpt":{"rendered":"<p>CONTACT<\/p>","protected":false},"author":1,"featured_media":0,"parent":0,"menu_order":0,"comment_status":"closed","ping_status":"closed","template":"","meta":{"inline_featured_image":false,"footnotes":""},"class_list":{"0":"post-3127","1":"page","2":"type-page","3":"status-publish","5":"infinite-scroll-item"},"lang":"en","translations":{"en":3127,"hu":1343},"_links":{"self":[{"href":"https:\/\/ibsh.hu\/en\/wp-json\/wp\/v2\/pages\/3127","targetHints":{"allow":["GET"]}}],"collection":[{"href":"https:\/\/ibsh.hu\/en\/wp-json\/wp\/v2\/pages"}],"about":[{"href":"https:\/\/ibsh.hu\/en\/wp-json\/wp\/v2\/types\/page"}],"author":[{"embeddable":true,"href":"https:\/\/ibsh.hu\/en\/wp-json\/wp\/v2\/users\/1"}],"replies":[{"embeddable":true,"href":"https:\/\/ibsh.hu\/en\/wp-json\/wp\/v2\/comments?post=3127"}],"version-history":[{"count":1,"href":"https:\/\/ibsh.hu\/en\/wp-json\/wp\/v2\/pages\/3127\/revisions"}],"predecessor-version":[{"id":3128,"href":"https:\/\/ibsh.hu\/en\/wp-json\/wp\/v2\/pages\/3127\/revisions\/3128"}],"wp:attachment":[{"href":"https:\/\/ibsh.hu\/en\/wp-json\/wp\/v2\/media?parent=3127"}],"curies":[{"name":"wp","href":"https:\/\/api.w.org\/{rel}","templated":true}]}}